{"id":1416,"date":"2014-08-30T08:48:00","date_gmt":"2014-08-30T08:48:00","guid":{"rendered":"http:\/\/juicemaster.startknopf.com\/unternehmen-2\/"},"modified":"2015-11-16T08:28:00","modified_gmt":"2015-11-16T07:28:00","slug":"affari","status":"publish","type":"page","link":"https:\/\/www.juicemaster.ch\/it\/affari\/","title":{"rendered":"Affari"},"content":{"rendered":"<p>[vc_row el_class=&#8221;section-content horizontal-tabs-section2&#8243; fullwidth=&#8221;yes&#8221;][vc_column width=&#8221;1\/1&#8243;]   <div class=\"title-section title2\">\r\n\t\t<div class=\"container triggerAnimation animated\" data-animate=\"bounceIn\">\r\n\t\t\t<h1>Storia della societ\u00e0<\/h1>\r\n\t\t\t\t\t\t<p>Donec odio. Quisque volutpat mattis eros. Nullam malesuada erat ut turpis. Suspendisse urna nibh, viverra non, semper suscipit, posuere a, pede. Donec nec justo eget felis facilisis fermentum. Aliquam porttitor mauris sit amet orci. Aenean dignissim pellentesque felis.<\/p>\r\n\t\t\t\t\t<\/div>\r\n\t<\/div>\r\n \r\n\r\n[vc_tabs interval=&#8221;0&#8243; el_class=&#8221;horizontal-tabs&#8221;][vc_tab title=&#8221;1952 &#8211; 1957&#8243; tab_id=&#8221;1409388051-1-29&#8243;][vc_row_inner css=&#8221;.vc_custom_1430859876936{padding-bottom: 50px !important;}&#8221;][vc_column_inner width=&#8221;1\/4&#8243;][vc_gallery type=&#8221;flexslider_fade&#8221; interval=&#8221;0&#8243; images=&#8221;1016&#8243; onclick=&#8221;link_image&#8221; custom_links_target=&#8221;_self&#8221;][\/vc_column_inner][vc_column_inner width=&#8221;3\/4&#8243;][vc_column_text]<\/p>\n<div class=\"tab-data-content\" style=\"text-align: left;\">Il primo estrattore di succo viene sviluppato da un team di ingegneri in questo stabilimento nel 1952. Un estrattore a centrifuga con espulsione automatica della polpa viene brevettato e lanciato sul mercato internazionale. Urs Pfluger, uno dei pochi ad essere stato coinvolto nello sviluppo degli estrattori a centrifuga fin dall&#8217;inizio, ha poi continuato a contribuire al loro sviluppo per 60 anni.<\/div>\n<p>[\/vc_column_text][\/vc_column_inner][\/vc_row_inner][\/vc_tab][vc_tab title=&#8221;1965 &#8211; 1968&#8243; tab_id=&#8221;1409388051-2-100&#8243;][vc_row_inner][vc_column_inner width=&#8221;1\/4&#8243;][vc_gallery type=&#8221;flexslider_fade&#8221; interval=&#8221;0&#8243; images=&#8221;1017&#8243; onclick=&#8221;link_image&#8221; custom_links_target=&#8221;_self&#8221;][\/vc_column_inner][vc_column_inner width=&#8221;3\/4&#8243;][vc_column_text]<\/p>\n<div class=\"tab-data-content\" style=\"text-align: left;\">L&#8217;estrattore di succo esercita una forte attrattiva ed il successo iniziale crea un enorme interesse in tutto il mondo. I primi accordi di licenza vengono firmati in questo periodo. Estrattori di succo con design particolari vengono ideati e prodotti per marchi famosi.<\/div>\n<p>[\/vc_column_text][\/vc_column_inner][\/vc_row_inner][\/vc_tab][vc_tab title=&#8221;1970&#8243; tab_id=&#8221;1409389880738-2-8&#8243;][vc_row_inner][vc_column_inner width=&#8221;1\/4&#8243;][vc_gallery type=&#8221;flexslider_fade&#8221; interval=&#8221;0&#8243; images=&#8221;1018&#8243; onclick=&#8221;link_image&#8221; custom_links_target=&#8221;_self&#8221;][\/vc_column_inner][vc_column_inner width=&#8221;3\/4&#8243;][vc_column_text]<\/p>\n<div class=\"tab-data-content\" style=\"text-align: left;\">La rete commerciale copre oltre 61 Paesi e le esportazioni ammontano al 38% delle vendite. Oltre un milione di estrattori di succo sono venduti nei mercati mondiali. Lo slogan della societ\u00e0 \u00e8: \u201cIl progresso \u00e8 il nostro prodotto pi\u00f9 importante\u201d. Il tubo di inserimento che consente il fissaggio del cestello del filtro senza la necessit\u00e0 di viti diventa un nuovo brevetto registrato.<\/div>\n<p>[\/vc_column_text][\/vc_column_inner][\/vc_row_inner][\/vc_tab][vc_tab title=&#8221;1987&#8243; tab_id=&#8221;1409389966115-3-1&#8243;][vc_row_inner][vc_column_inner width=&#8221;1\/4&#8243;][vc_gallery type=&#8221;flexslider_fade&#8221; interval=&#8221;0&#8243; images=&#8221;1019&#8243; onclick=&#8221;link_image&#8221; custom_links_target=&#8221;_self&#8221;][\/vc_column_inner][vc_column_inner width=&#8221;3\/4&#8243;][vc_column_text]<\/p>\n<div class=\"tab-data-content\" style=\"text-align: left;\">Urs Pfluger, Amministratore Delegato della Thielmann-Rotel Know-how AG , supervisiona lo sviluppo degli estrattori e li lancia sui mercati internazionali. E\u00b4 lui che fornisce solide fondamenta al continuo sviluppo e miglioramento della gamma di estrattori della societ\u00e0.<\/div>\n<p>[\/vc_column_text][\/vc_column_inner][\/vc_row_inner][\/vc_tab][vc_tab title=&#8221;1990&#8243; tab_id=&#8221;1430851040688-4-6&#8243;][vc_row_inner][vc_column_inner width=&#8221;1\/4&#8243;][vc_gallery type=&#8221;flexslider_fade&#8221; interval=&#8221;0&#8243; images=&#8221;1020&#8243; onclick=&#8221;link_image&#8221; custom_links_target=&#8221;_self&#8221;][\/vc_column_inner][vc_column_inner width=&#8221;3\/4&#8243;][vc_column_text]<\/p>\n<div class=\"tab-data-content\" style=\"text-align: left;\">Negli anni &#8217;90 la Thielmann-Rotel Know-how porta avanti progetti con diversi stabilimenti in tutto il mondo e realizza piani di produzione completi, cos\u00ec come linee di produzione e di assemblaggio. Gli strumenti necessari vengono forniti agli impianti nel Regno Unito, in Egitto, in Bulgaria, in Romania, in Polonia e in Russia.<\/div>\n<p>[\/vc_column_text][\/vc_column_inner][\/vc_row_inner][\/vc_tab][vc_tab title=&#8221;2000 &#8211; 2014&#8243; tab_id=&#8221;1430851116648-5-8&#8243;][vc_row_inner][vc_column_inner width=&#8221;1\/4&#8243;][vc_gallery type=&#8221;flexslider_fade&#8221; interval=&#8221;0&#8243; images=&#8221;1021&#8243; onclick=&#8221;link_image&#8221; custom_links_target=&#8221;_self&#8221;][\/vc_column_inner][vc_column_inner width=&#8221;3\/4&#8243;][vc_column_text]<\/p>\n<div class=\"tab-data-content\" style=\"text-align: left;\">Nel corso degli ultimi 14 anni sono stati lanciati nuovi estrattori JUICE MASTER pi\u00fa moderni e sicuri ed un nuovo brevetto \u00e8 stato registrato per il tubo di inserimento che consente il fissaggio del cestello del filtro. La rete commerciale degli estrattori si \u00e8 espansa in tutto il mondo.<\/div>\n<p>[\/vc_column_text][\/vc_column_inner][\/vc_row_inner][\/vc_tab][vc_tab title=&#8221;DOWNLOAD&#8221; tab_id=&#8221;1438105753050-6-9&#8243;][vc_column_text]<\/p>\n<p style=\"text-align: center;\"><a href=\"https:\/\/www.juicemaster.ch\/wp-content\/uploads\/2015\/07\/corporation_presentation_it_web.pdf\" target=\"_blank\">Scarica<\/a> La brochure aziendale in formato PDF | 3MB<\/p>\n<p>[\/vc_column_text][\/vc_tab][\/vc_tabs][\/vc_column][\/vc_row][vc_row css=&#8221;.vc_custom_1446649791842{background-image: url(http:\/\/juicemaster.startknopf.com\/wp-content\/uploads\/2014\/08\/noise.png?id=843) !important;}&#8221; fullwidth=&#8221;no&#8221; el_class=&#8221;section-content horizontal-tabs-section2&#8243;][vc_column width=&#8221;1\/1&#8243; css=&#8221;.vc_custom_1430860119544{padding-top: 40px !important;}&#8221;]   <div class=\"title-section title2\">\r\n\t\t<div class=\"container triggerAnimation animated\" data-animate=\"bounceIn\">\r\n\t\t\t<h1>Storia del Prodotto<\/h1>\r\n\t\t\t\t\t\t<p>Donec odio. Quisque volutpat mattis eros. Nullam malesuada erat ut turpis. Suspendisse urna nibh, viverra non, semper suscipit, posuere a, pede. Donec nec justo eget felis facilisis fermentum. Aliquam porttitor mauris sit amet orci. Aenean dignissim pellentesque felis.<\/p>\r\n\t\t\t\t\t<\/div>\r\n\t<\/div>\r\n \r\n\r\n[vc_tabs][vc_tab title=&#8221;1957&#8243; tab_id=&#8221;1430858029-1-49&#8243;][vc_row_inner][vc_column_inner width=&#8221;1\/4&#8243;][vc_gallery type=&#8221;flexslider_fade&#8221; interval=&#8221;0&#8243; images=&#8221;1031&#8243; onclick=&#8221;link_image&#8221; custom_links_target=&#8221;_self&#8221;][\/vc_column_inner][vc_column_inner width=&#8221;3\/4&#8243;][vc_column_text]<\/p>\n<div class=\"tab-data-content\" style=\"text-align: left;\">Viene sviluppato e brevettato il primo estrattore a centrifuga con espulsione automatica della polpa.<\/div>\n<p>[\/vc_column_text][\/vc_column_inner][\/vc_row_inner][\/vc_tab][vc_tab title=&#8221;1973&#8243; tab_id=&#8221;1430858029-2-39&#8243;][vc_row_inner][vc_column_inner width=&#8221;1\/4&#8243;][vc_gallery type=&#8221;flexslider_fade&#8221; interval=&#8221;0&#8243; images=&#8221;1032&#8243; onclick=&#8221;link_image&#8221; custom_links_target=&#8221;_self&#8221;][\/vc_column_inner][vc_column_inner width=&#8221;3\/4&#8243;][vc_column_text]<\/p>\n<div class=\"tab-data-content\" style=\"text-align: left;\">Anteprima mondiale di una nuova invenzione chiamata &#8220;Rotel Vital\u201d. Un nuovo brevetto viene registrato per il tubo di inserimento che consente il fissaggio del cestello del filtro senza necessit\u00e0 di viti.<\/div>\n<p>[\/vc_column_text][\/vc_column_inner][\/vc_row_inner][\/vc_tab][vc_tab title=&#8221;1974&#8243; tab_id=&#8221;1430858054817-2-8&#8243;][vc_row_inner][vc_column_inner width=&#8221;1\/4&#8243;][vc_gallery type=&#8221;flexslider_fade&#8221; interval=&#8221;0&#8243; images=&#8221;1033&#8243; onclick=&#8221;link_image&#8221; custom_links_target=&#8221;_self&#8221;][\/vc_column_inner][vc_column_inner width=&#8221;3\/4&#8243;][vc_column_text]<\/p>\n<div class=\"tab-data-content\" style=\"text-align: left;\">Il VITALMASTER modello 42.1, il primo estrattore di succo moderno, \u00e8 lanciato sul mercato. Questo modello include un potente motore universale raffreddato ad aria che gira ad una velocit\u00e0 costante di 6000 giri\/minuto ed un cestello del filtro resistente, in acciaio inossidabile, con 6 rinforzi laterali. Ne consegue che con questo estrattore si ottiene il massimo del succo senza perdita di vitamine ed enzimi. Questo modello viene venduto in tutto il mondo sotto diversi marchi, come per esempio il marchio Jay Kordich, che, noto a milioni di telespettatori americani come \u201cl&#8217;uomo dei succhi\u201d, ha fatto colpo sui suoi clienti grazie alla qualit\u00e0 e alle prestazioni di questo estrattore.<\/div>\n<p>[\/vc_column_text][\/vc_column_inner][\/vc_row_inner][\/vc_tab][vc_tab title=&#8221;1988&#8243; tab_id=&#8221;1430858057088-3-8&#8243;][vc_row_inner][vc_column_inner width=&#8221;1\/4&#8243;][vc_gallery type=&#8221;flexslider_fade&#8221; interval=&#8221;0&#8243; images=&#8221;1034&#8243; onclick=&#8221;link_image&#8221; custom_links_target=&#8221;_self&#8221;][\/vc_column_inner][vc_column_inner width=&#8221;3\/4&#8243;][vc_column_text]<\/p>\n<div class=\"tab-data-content\" style=\"text-align: left;\">Viene lanciato il JUICEMASTER modello 42.2, ancora pi\u00f9 moderno, sicuro e facile da usare. Al fine di estrarre una quantit\u00e0 maggiore di succo, il motore universale raffreddato ad aria \u00e8 modificato per girare ad una velocit\u00e0 costante di 6300 giri\/minuto. Per prevenire l&#8217;ossidazione l&#8217;estrattore viene fornito di un corpo in acciaio inossidabile satinato AISI 304. L&#8217;espulsione automatica della polpa, l&#8217;interruttore \u201cTurbo\u201d ed il coperchio brevettato fanno s\u00ec che la polpa non crei intasamenti. Per migliorare la sicurezza, il motore funziona unicamente quando i fermi di bloccaggio della maniglia di sicurezza sono agganciati.<\/div>\n<p>[\/vc_column_text][\/vc_column_inner][\/vc_row_inner][\/vc_tab][vc_tab title=&#8221;2002&#8243; tab_id=&#8221;1430858058202-4-3&#8243;][vc_row_inner][vc_column_inner width=&#8221;1\/4&#8243;][vc_gallery type=&#8221;flexslider_fade&#8221; interval=&#8221;0&#8243; images=&#8221;1035&#8243; onclick=&#8221;link_image&#8221; custom_links_target=&#8221;_self&#8221;][\/vc_column_inner][vc_column_inner width=&#8221;3\/4&#8243;][vc_column_text]<\/p>\n<div class=\"tab-data-content\" style=\"text-align: left;\">Viene lanciato il JUICEMASTER PROFESSIONAL modello 42.6.. Le novit\u00e0 includono un tubo di inserimento pi\u00f9 ampio, di 7,5 cm di diametro, che permette l&#8217;introduzione di frutti interi o pezzi di verdura. Un nuovo brevetto viene registrato per il tubo di inserimento che consente il fissaggio del cestello del filtro senza la necessit\u00e0 di viti.<\/div>\n<p>[\/vc_column_text][\/vc_column_inner][\/vc_row_inner][\/vc_tab][vc_tab title=&#8221;2008&#8243; tab_id=&#8221;1430858059102-5-1&#8243;][vc_row_inner][vc_column_inner width=&#8221;1\/4&#8243;][vc_gallery type=&#8221;flexslider_fade&#8221; interval=&#8221;0&#8243; images=&#8221;1036&#8243; onclick=&#8221;link_image&#8221; custom_links_target=&#8221;_self&#8221;][\/vc_column_inner][vc_column_inner width=&#8221;3\/4&#8243;][vc_column_text]<\/p>\n<div class=\"tab-data-content\" style=\"text-align: left;\">Viene lanciato il JUICEMASTER PROFESSIONAL modello 42.8. La forma particolare del coperchio mantiene il contenitore raccogli polpa stabilmente nella posizione desiderata e previene intasamenti.<\/div>\n<p>[\/vc_column_text][\/vc_column_inner][\/vc_row_inner][\/vc_tab][\/vc_tabs][\/vc_column][\/vc_row][vc_row el_class=&#8221;section-content line-banner-section&#8221; fullwidth=&#8221;no&#8221;][vc_column width=&#8221;1\/1&#8243;][vc_column_text]<\/p>\n<p>Volete maggiori informazioni? <a href=\"http:\/\/www.juicemaster.ch\/it\/contatto\/\">contattare<\/a><\/p>\n<p>[\/vc_column_text][\/vc_column][\/vc_row]<\/p>\n<script language='javascript' type='text\/javascript'>function getWR360License(){return 'https:\/\/www.juicemaster.ch\/wp-content\/plugins\/webrotate-360-product-viewer\/license.lic';}function getWR360PopupSkin(){return 'pp_default';}function getWR360GraphicsPath(){return 'https:\/\/www.juicemaster.ch\/wp-content\/plugins\/webrotate-360-product-viewer\/imagerotator\/html\/img\/basic';}<\/script>","protected":false},"excerpt":{"rendered":"<p>[vc_row el_class=&#8221;section-content horizontal-tabs-section2&#8243; fullwidth=&#8221;yes&#8221;][vc_column width=&#8221;1\/1&#8243;][vc_tabs interval=&#8221;0&#8243; el_class=&#8221;horizontal-tabs&#8221;][vc_tab title=&#8221;1952 &#8211; 1957&#8243; tab_id=&#8221;1409388051-1-29&#8243;][vc_row_inner css=&#8221;.vc_custom_1430859876936{padding-bottom: 50px !important;}&#8221;][vc_column_inner width=&#8221;1\/4&#8243;][vc_gallery type=&#8221;flexslider_fade&#8221; interval=&#8221;0&#8243; images=&#8221;1016&#8243; onclick=&#8221;link_image&#8221; custom_links_target=&#8221;_self&#8221;][\/vc_column_inner][vc_column_inner width=&#8221;3\/4&#8243;][vc_column_text] Il primo estrattore di succo viene sviluppato da un team di ingegneri in questo stabilimento nel 1952. Un estrattore a centrifuga con espulsione automatica della polpa viene brevettato e lanciato sul mercato internazionale. Urs [&hellip;]<\/p>\n","protected":false},"author":1,"featured_media":0,"parent":0,"menu_order":0,"comment_status":"open","ping_status":"open","template":"template-page_builder.php","meta":[],"_links":{"self":[{"href":"https:\/\/www.juicemaster.ch\/it\/wp-json\/wp\/v2\/pages\/1416"}],"collection":[{"href":"https:\/\/www.juicemaster.ch\/it\/wp-json\/wp\/v2\/pages"}],"about":[{"href":"https:\/\/www.juicemaster.ch\/it\/wp-json\/wp\/v2\/types\/page"}],"author":[{"embeddable":true,"href":"https:\/\/www.juicemaster.ch\/it\/wp-json\/wp\/v2\/users\/1"}],"replies":[{"embeddable":true,"href":"https:\/\/www.juicemaster.ch\/it\/wp-json\/wp\/v2\/comments?post=1416"}],"version-history":[{"count":12,"href":"https:\/\/www.juicemaster.ch\/it\/wp-json\/wp\/v2\/pages\/1416\/revisions"}],"predecessor-version":[{"id":1507,"href":"https:\/\/www.juicemaster.ch\/it\/wp-json\/wp\/v2\/pages\/1416\/revisions\/1507"}],"wp:attachment":[{"href":"https:\/\/www.juicemaster.ch\/it\/wp-json\/wp\/v2\/media?parent=1416"}],"curies":[{"name":"wp","href":"https:\/\/api.w.org\/{rel}","templated":true}]}}