{"id":1075,"date":"2014-09-17T04:36:55","date_gmt":"2014-09-17T04:36:55","guid":{"rendered":"http:\/\/juicemaster.startknopf.com\/home-coporate-2\/"},"modified":"2015-11-16T08:06:22","modified_gmt":"2015-11-16T07:06:22","slug":"home-coporate","status":"publish","type":"page","link":"https:\/\/www.juicemaster.ch\/it\/","title":{"rendered":"Home"},"content":{"rendered":"<p>[vc_row el_class=&#8221;slider2&#8243; el_id=&#8221;slider&#8221; fullwidth=&#8221;yes&#8221;][vc_column width=&#8221;1\/1&#8243;][rev_slider_vc alias=&#8221;startseite&#8221;][\/vc_column][\/vc_row][vc_row fullwidth=&#8221;no&#8221; el_class=&#8221;section-content text-banner-section white-back&#8221;][vc_column width=&#8221;1\/1&#8243;][vc_column_text]<\/p>\n<div class=\"text-box triggerAnimation animated\" data-animate=\"bounceIn\">\n<h1>Tecnologia svizzera \u2013 fatti per durare una vita<\/h1>\n<p>Dopo oltre 60 anni di esperienza nel settore degli elettrodomestici, Thielmann Rotel International \u00e8 sinonimo di affidabilit\u00e0 ed alta qualit\u00e0 a livello mondiale. Nella fase di sviluppo dei prodotti teniamo in considerazione i desideri dei nostri clienti, al fine di migliorare la qualit\u00e0 dei nostri estrattori. Tutti i nostri estrattori automatici sono assemblati nell\u2019Unione Europea con componenti provenienti dalla Svizzera e da altri Paesi europei. Effettuiamo controlli rigorosi dei materiali e della qualit\u00e0 dei nostri fornitori.<br \/>\n<a href=\"http:\/\/www.juicemaster.ch\/it\/unternehmen\/\">maggiori informazioni<\/a> <a href=\"http:\/\/www.juicemaster.ch\/it\/contatto\/\">Contatto<\/a><\/p>\n<\/div>\n<p>[\/vc_column_text][\/vc_column][\/vc_row][vc_row fullwidth=&#8221;no&#8221; css=&#8221;.vc_custom_1431278599968{background-color: #eeeeee !important;background-position: center !important;background-repeat: no-repeat !important;background-size: cover !important;}&#8221;][vc_column width=&#8221;1\/1&#8243;][vc_row_inner css=&#8221;.vc_custom_1431940565972{padding-top: 30px !important;padding-bottom: 50px !important;}&#8221;][vc_column_inner width=&#8221;1\/2&#8243;][vc_single_image border_color=&#8221;grey&#8221; img_link_target=&#8221;_self&#8221; image=&#8221;825&#8243; img_size=&#8221;full&#8221; style=&#8221;vc_box_shadow_border&#8221;][vc_column_text]<\/p>\n<div class=\"text-box triggerAnimation animated\" data-animate=\"bounceIn\">\n<h1 style=\"text-align: center;\">JUICEMASTER PROFESSIONAL Mod. 42.8<\/h1>\n<\/div>\n<p>[\/vc_column_text][vc_button title=&#8221;Per saperne di pi\u00f9&#8221; target=&#8221;_self&#8221; color=&#8221;wpb_button&#8221; icon=&#8221;none&#8221; size=&#8221;btn-large&#8221; href=&#8221;https:\/\/www.juicemaster.ch\/produkte\/&#8221;][\/vc_column_inner][vc_column_inner width=&#8221;1\/2&#8243;][vc_single_image border_color=&#8221;grey&#8221; img_link_target=&#8221;_self&#8221; image=&#8221;822&#8243; img_size=&#8221;full&#8221; style=&#8221;vc_box_shadow_border&#8221;][vc_column_text]<\/p>\n<div class=\"text-box triggerAnimation animated\" data-animate=\"bounceIn\">\n<h1 style=\"text-align: center;\">JUICEMASTER PROFESSIONAL Mod. 42.6<\/h1>\n<\/div>\n<p>[\/vc_column_text][vc_button title=&#8221;Per saperne di pi\u00f9&#8221; target=&#8221;_self&#8221; color=&#8221;wpb_button&#8221; icon=&#8221;none&#8221; size=&#8221;btn-large&#8221; href=&#8221;https:\/\/www.juicemaster.ch\/produkte\/&#8221;][\/vc_column_inner][\/vc_row_inner][\/vc_column][\/vc_row][vc_row fullwidth=&#8221;no&#8221; css=&#8221;.vc_custom_1431279578646{padding-top: 30px !important;padding-bottom: 30px !important;background-color: #159607 !important;}&#8221; font_color=&#8221;#ffffff&#8221;][vc_column width=&#8221;1\/2&#8243; font_color=&#8221;#ffffff&#8221;][vc_column_text el_class=&#8221;startseiteinhalt&#8221;]<\/p>\n<div class=\"text-box triggerAnimation animated\" data-animate=\"bounceIn\">\n<h1 style=\"text-align: left;\">MiroSwiss &#8211; Qualit\u00e0 svizzera<\/h1>\n<p>All our juice-extractors are made of Swiss and European made components and are fully assembled in Europe. We are known and recognized worldwide for our reliable Swiss-quality standard of our product range which we manufacture under strict quality guidelines in state of the art production facilities.<\/p>\n<p>Today our range contains four models of &#8220;Miro-Swiss&#8221; automatic juice extractors which are highly appreciated by domestic and professional users.<\/p>\n<\/div>\n<p>[\/vc_column_text][vc_button title=&#8221;Per saperne di pi\u00f9&#8221; target=&#8221;_self&#8221; color=&#8221;wpb_button&#8221; icon=&#8221;none&#8221; size=&#8221;btn-large&#8221; href=&#8221;http:\/\/juicemaster.startknopf.com\/miroswiss\/&#8221; el_class=&#8221;startseiteinhaltbutton&#8221;][\/vc_column][vc_column width=&#8221;1\/2&#8243;][vc_gallery type=&#8221;flexslider_fade&#8221; interval=&#8221;3&#8243; onclick=&#8221;link_no&#8221; custom_links_target=&#8221;_self&#8221; images=&#8221;836&#8243; img_size=&#8221;full&#8221;][\/vc_column][\/vc_row][vc_row css=&#8221;.vc_custom_1440688461501{padding-bottom: 20px !important;}&#8221; fullwidth=&#8221;no&#8221;][vc_column width=&#8221;1\/1&#8243;][vc_column_text el_class=&#8221;embed&#8221;]<\/p>\n<h1 style=\"text-align: center;\">Guardate voi stessi<\/h1>\n<p><center><div style=\"width: 640px;\" class=\"wp-video\"><!--[if lt IE 9]><script>document.createElement('video');<\/script><![endif]-->\n<video class=\"wp-video-shortcode\" id=\"video-1075-1\" width=\"640\" height=\"360\" preload=\"metadata\" controls=\"controls\"><source type=\"video\/mp4\" src=\"http:\/\/juicemaster.startknopf.com\/wp-content\/uploads\/2015\/07\/juice_master_ohne_sound.mp4?_=1\" \/><a href=\"http:\/\/juicemaster.startknopf.com\/wp-content\/uploads\/2015\/07\/juice_master_ohne_sound.mp4\">http:\/\/juicemaster.startknopf.com\/wp-content\/uploads\/2015\/07\/juice_master_ohne_sound.mp4<\/a><\/video><\/div>\n<p>&nbsp;<\/p>\n<p>&nbsp;<\/p>\n<p>&nbsp;<\/p>\n<p>&nbsp;<\/p>\n<p>&nbsp;<\/p>\n<p>&nbsp;<\/p>\n<p>&nbsp;<\/p>\n<p>&nbsp;<\/p>\n<p><\/center>[\/vc_column_text][\/vc_column][\/vc_row]<\/p>\n<script language='javascript' type='text\/javascript'>function getWR360License(){return 'https:\/\/www.juicemaster.ch\/wp-content\/plugins\/webrotate-360-product-viewer\/license.lic';}function getWR360PopupSkin(){return 'pp_default';}function getWR360GraphicsPath(){return 'https:\/\/www.juicemaster.ch\/wp-content\/plugins\/webrotate-360-product-viewer\/imagerotator\/html\/img\/basic';}<\/script>","protected":false},"excerpt":{"rendered":"<p>[vc_row el_class=&#8221;slider2&#8243; el_id=&#8221;slider&#8221; fullwidth=&#8221;yes&#8221;][vc_column width=&#8221;1\/1&#8243;][rev_slider_vc alias=&#8221;startseite&#8221;][\/vc_column][\/vc_row][vc_row fullwidth=&#8221;no&#8221; el_class=&#8221;section-content text-banner-section white-back&#8221;][vc_column width=&#8221;1\/1&#8243;][vc_column_text] Tecnologia svizzera \u2013 fatti per durare una vita Dopo oltre 60 anni di esperienza nel settore degli elettrodomestici, Thielmann Rotel International \u00e8 sinonimo di affidabilit\u00e0 ed alta qualit\u00e0 a livello mondiale. Nella fase di sviluppo dei prodotti teniamo in considerazione i desideri dei nostri [&hellip;]<\/p>\n","protected":false},"author":1,"featured_media":0,"parent":0,"menu_order":0,"comment_status":"open","ping_status":"open","template":"template-home.php","meta":[],"_links":{"self":[{"href":"https:\/\/www.juicemaster.ch\/it\/wp-json\/wp\/v2\/pages\/1075"}],"collection":[{"href":"https:\/\/www.juicemaster.ch\/it\/wp-json\/wp\/v2\/pages"}],"about":[{"href":"https:\/\/www.juicemaster.ch\/it\/wp-json\/wp\/v2\/types\/page"}],"author":[{"embeddable":true,"href":"https:\/\/www.juicemaster.ch\/it\/wp-json\/wp\/v2\/users\/1"}],"replies":[{"embeddable":true,"href":"https:\/\/www.juicemaster.ch\/it\/wp-json\/wp\/v2\/comments?post=1075"}],"version-history":[{"count":13,"href":"https:\/\/www.juicemaster.ch\/it\/wp-json\/wp\/v2\/pages\/1075\/revisions"}],"predecessor-version":[{"id":1493,"href":"https:\/\/www.juicemaster.ch\/it\/wp-json\/wp\/v2\/pages\/1075\/revisions\/1493"}],"wp:attachment":[{"href":"https:\/\/www.juicemaster.ch\/it\/wp-json\/wp\/v2\/media?parent=1075"}],"curies":[{"name":"wp","href":"https:\/\/api.w.org\/{rel}","templated":true}]}}