{"id":1193,"date":"2015-05-18T16:06:56","date_gmt":"2015-05-18T14:06:56","guid":{"rendered":"http:\/\/juicemaster.startknopf.com\/?page_id=1193"},"modified":"2015-11-16T08:54:44","modified_gmt":"2015-11-16T07:54:44","slug":"negocios","status":"publish","type":"page","link":"https:\/\/www.juicemaster.ch\/es\/negocios\/","title":{"rendered":"Negocios"},"content":{"rendered":"<p>[vc_row el_class=&#8221;section-content horizontal-tabs-section2&#8243; fullwidth=&#8221;yes&#8221;][vc_column width=&#8221;1\/1&#8243;]   <div class=\"title-section title2\">\r\n\t\t<div class=\"container triggerAnimation animated\" data-animate=\"bounceIn\">\r\n\t\t\t<h1>Historia de la Compa\u00f1\u00eda<\/h1>\r\n\t\t\t\t\t<\/div>\r\n\t<\/div>\r\n \r\n\r\n[vc_tabs interval=&#8221;0&#8243; el_class=&#8221;horizontal-tabs&#8221;][vc_tab title=&#8221;1952 &#8211; 1957&#8243; tab_id=&#8221;1409388051-1-29&#8243;][vc_row_inner css=&#8221;.vc_custom_1430859876936{padding-bottom: 50px !important;}&#8221;][vc_column_inner width=&#8221;1\/4&#8243;][vc_gallery type=&#8221;flexslider_fade&#8221; interval=&#8221;0&#8243; images=&#8221;1016&#8243; onclick=&#8221;link_image&#8221; custom_links_target=&#8221;_self&#8221;][\/vc_column_inner][vc_column_inner width=&#8221;3\/4&#8243;][vc_column_text]<\/p>\n<div class=\"tab-data-content\" style=\"text-align: left;\">Un equipo de ingenieros desarroll\u00f3 el primer extractor de jugos en este edificio en 1952. Ellos patentaron un exprimidor centr\u00edfugo con expulsi\u00f3n autom\u00e1tica de pulpa y lo lanzaron a mercados internacionales. Urs internacionales Pfluger es uno de los pocos que han ayudado a definir el desarrollo de exprimidores de centr\u00edfugas desde el inicio. Y \u00e9l ha estado jugando un papel en su desarrollo durante 60 a\u00f1os.<\/div>\n<p>[\/vc_column_text][\/vc_column_inner][\/vc_row_inner][\/vc_tab][vc_tab title=&#8221;1965 &#8211; 1968&#8243; tab_id=&#8221;1409388051-2-100&#8243;][vc_row_inner][vc_column_inner width=&#8221;1\/4&#8243;][vc_gallery type=&#8221;flexslider_fade&#8221; interval=&#8221;0&#8243; images=&#8221;1017&#8243; onclick=&#8221;link_image&#8221; custom_links_target=&#8221;_self&#8221;][\/vc_column_inner][vc_column_inner width=&#8221;3\/4&#8243;][vc_column_text]<\/p>\n<div class=\"tab-data-content\" style=\"text-align: left;\">El \u00e9xito inicial genera un enorme inter\u00e9s en el gran atractivo de prensas de jugos en el mundo. Los primeros acuerdos de licencia se celebran durante este periodo. Las prensas de jugos, con dise\u00f1os especiales son creados y producidos por marcas de fama mundial.<\/div>\n<p>[\/vc_column_text][\/vc_column_inner][\/vc_row_inner][\/vc_tab][vc_tab title=&#8221;1970&#8243; tab_id=&#8221;1409389880738-2-8&#8243;][vc_row_inner][vc_column_inner width=&#8221;1\/4&#8243;][vc_gallery type=&#8221;flexslider_fade&#8221; interval=&#8221;0&#8243; images=&#8221;1018&#8243; onclick=&#8221;link_image&#8221; custom_links_target=&#8221;_self&#8221;][\/vc_column_inner][vc_column_inner width=&#8221;3\/4&#8243;][vc_column_text]<\/p>\n<div class=\"tab-data-content\" style=\"text-align: left;\">La red de ventas cubre m\u00e1s de 61 pa\u00edses y el 38% de las ventas son exportaciones. M\u00e1s de un mill\u00f3n de prensas de jugos se venden en los mercados mundiales. El lema de la empresa en el momento es &#8220;El progreso es nuestro producto m\u00e1s importante&#8221;. Un nuevo desarrollo patentado es un sistema de conducto de alimentaci\u00f3n para mantener pulsado el tamiz del alimentador sin necesidad de tornillos.<\/div>\n<p>[\/vc_column_text][\/vc_column_inner][\/vc_row_inner][\/vc_tab][vc_tab title=&#8221;1987&#8243; tab_id=&#8221;1409389966115-3-1&#8243;][vc_row_inner][vc_column_inner width=&#8221;1\/4&#8243;][vc_gallery type=&#8221;flexslider_fade&#8221; interval=&#8221;0&#8243; images=&#8221;1019&#8243; onclick=&#8221;link_image&#8221; custom_links_target=&#8221;_self&#8221;][\/vc_column_inner][vc_column_inner width=&#8221;3\/4&#8243;][vc_column_text]<\/p>\n<div class=\"tab-data-content\" style=\"text-align: left;\">Urs Pfluger, CEO de Thielmann -Rotel Know- how AG (enlace http:\/\/www.miroswiss.com) Supervisa el desarrollo de exprimidores y los lanza al mundo del mercado. \u00c9l proporciona una base s\u00f3lida en el desarrollo constante y en la mejora de la producci\u00f3n de su propia gama de extractores.<\/div>\n<p>[\/vc_column_text][\/vc_column_inner][\/vc_row_inner][\/vc_tab][vc_tab title=&#8221;1990&#8243; tab_id=&#8221;1430851040688-4-6&#8243;][vc_row_inner][vc_column_inner width=&#8221;1\/4&#8243;][vc_gallery type=&#8221;flexslider_fade&#8221; interval=&#8221;0&#8243; images=&#8221;1020&#8243; onclick=&#8221;link_image&#8221; custom_links_target=&#8221;_self&#8221;][\/vc_column_inner][vc_column_inner width=&#8221;3\/4&#8243;][vc_column_text]<\/p>\n<div class=\"tab-data-content\" style=\"text-align: left;\">En la d\u00e9cada de 1990 Thielmann-Rotel Know-how lleva a cabo proyectos con varias plantas en todo el mundo y pone en pr\u00e1ctica los planes de fabricaci\u00f3n integrales, as\u00ed como las l\u00edneas de producci\u00f3n y montaje. Se proporcionan herramientas para las plantas en el Reino Unido, Egipto, Bulgaria, Rumania, Polonia y Rusia.<\/div>\n<p>[\/vc_column_text][\/vc_column_inner][\/vc_row_inner][\/vc_tab][vc_tab title=&#8221;2000 &#8211; 2014&#8243; tab_id=&#8221;1430851116648-5-8&#8243;][vc_row_inner][vc_column_inner width=&#8221;1\/4&#8243;][vc_gallery type=&#8221;flexslider_fade&#8221; interval=&#8221;0&#8243; images=&#8221;1021&#8243; onclick=&#8221;link_image&#8221; custom_links_target=&#8221;_self&#8221;][\/vc_column_inner][vc_column_inner width=&#8221;3\/4&#8243;][vc_column_text]<\/p>\n<div class=\"tab-data-content\" style=\"text-align: left;\">Durante los \u00faltimos 14 a\u00f1os, un nuevo, moderno y seguro extractor de jugos JUICE MASTER es lanzado. Y una nueva patente es registrada para la tapa con un sistema de conducto de alimentaci\u00f3n para mantener fijada la canasta sin necesidad de tornillos.<\/div>\n<p>[\/vc_column_text][\/vc_column_inner][\/vc_row_inner][\/vc_tab][vc_tab title=&#8221;DESCARGAR&#8221; tab_id=&#8221;1438106402179-6-7&#8243;][vc_column_text]<\/p>\n<p style=\"text-align: center;\"><a href=\"https:\/\/www.juicemaster.ch\/wp-content\/uploads\/2015\/07\/corporation_presentation_en_web.pdf\" target=\"_blank\">Descargar<\/a>\u00a0El folleto de la empresa como PDF | 3MB<\/p>\n<p>[\/vc_column_text][\/vc_tab][\/vc_tabs][\/vc_column][\/vc_row][vc_row css=&#8221;.vc_custom_1446649849041{background-image: url(http:\/\/juicemaster.startknopf.com\/wp-content\/uploads\/2014\/08\/noise.png?id=843) !important;}&#8221; fullwidth=&#8221;no&#8221; el_class=&#8221;section-content horizontal-tabs-section2&#8243;][vc_column width=&#8221;1\/1&#8243; css=&#8221;.vc_custom_1430860119544{padding-top: 40px !important;}&#8221;]   <div class=\"title-section title2\">\r\n\t\t<div class=\"container triggerAnimation animated\" data-animate=\"bounceIn\">\r\n\t\t\t<h1>Historia del Producto<\/h1>\r\n\t\t\t\t\t<\/div>\r\n\t<\/div>\r\n \r\n\r\n[vc_tabs][vc_tab title=&#8221;1957&#8243; tab_id=&#8221;1430858029-1-49&#8243;][vc_row_inner][vc_column_inner width=&#8221;1\/4&#8243;][vc_gallery type=&#8221;flexslider_fade&#8221; interval=&#8221;0&#8243; images=&#8221;1031&#8243; onclick=&#8221;link_image&#8221; custom_links_target=&#8221;_self&#8221;][\/vc_column_inner][vc_column_inner width=&#8221;3\/4&#8243;][vc_column_text]<\/p>\n<div class=\"tab-data-content\" style=\"text-align: left;\">Primer exprimidor auto-expulsi\u00f3n es desarrollado y patentado.<\/div>\n<p>[\/vc_column_text][\/vc_column_inner][\/vc_row_inner][\/vc_tab][vc_tab title=&#8221;1973&#8243; tab_id=&#8221;1430858029-2-39&#8243;][vc_row_inner][vc_column_inner width=&#8221;1\/4&#8243;][vc_gallery type=&#8221;flexslider_fade&#8221; interval=&#8221;0&#8243; images=&#8221;1032&#8243; onclick=&#8221;link_image&#8221; custom_links_target=&#8221;_self&#8221;][\/vc_column_inner][vc_column_inner width=&#8221;3\/4&#8243;][vc_column_text]<\/p>\n<div class=\"tab-data-content\" style=\"text-align: left;\">Estreno mundial de un nuevo invento llamado &#8220;Rotel Vital&#8221;. Un nuevo desarrollo patentado es conducto de alimentaci\u00f3n que mantiene fijada la canasta sin necesidad de tornillos.<\/div>\n<p>[\/vc_column_text][\/vc_column_inner][\/vc_row_inner][\/vc_tab][vc_tab title=&#8221;1974&#8243; tab_id=&#8221;1430858054817-2-8&#8243;][vc_row_inner][vc_column_inner width=&#8221;1\/4&#8243;][vc_gallery type=&#8221;flexslider_fade&#8221; interval=&#8221;0&#8243; images=&#8221;1033&#8243; onclick=&#8221;link_image&#8221; custom_links_target=&#8221;_self&#8221;][\/vc_column_inner][vc_column_inner width=&#8221;3\/4&#8243;][vc_column_text]<\/p>\n<div class=\"tab-data-content\" style=\"text-align: left;\">Modelo VITAL MASTER 42.1 es lanzado como el primer extractor moderno de jugos. Incluye un motor de usos m\u00faltiples, con aire enfriador que funciona a 6000 RPM ( Revoluciones Por Minuto) y una canasta resiste de acero inoxidable con 6 crestas de refuerzo. Como resultado, el exprimidor exprime un m\u00e1ximo de jugos sin perder vitaminas y enzimas. Este modelo se vende en todo el mundo bajo muchos nombres de marca, por ejemplo Jay Kordich. Es conocido por millones de televidentes en los EU como &#8220;El Juice man&#8221; y ha impresionado a los clientes por su calidad y rendimiento como extractor de jugos.<\/div>\n<p>[\/vc_column_text][\/vc_column_inner][\/vc_row_inner][\/vc_tab][vc_tab title=&#8221;1988&#8243; tab_id=&#8221;1430858057088-3-8&#8243;][vc_row_inner][vc_column_inner width=&#8221;1\/4&#8243;][vc_gallery type=&#8221;flexslider_fade&#8221; interval=&#8221;0&#8243; images=&#8221;1034&#8243; onclick=&#8221;link_image&#8221; custom_links_target=&#8221;_self&#8221;][\/vc_column_inner][vc_column_inner width=&#8221;3\/4&#8243;][vc_column_text]<\/p>\n<div class=\"tab-data-content\" style=\"text-align: left;\">El modelo JUICEMASTER 42.2 es lanzado y es a\u00fan m\u00e1s moderno, seguro y f\u00e1cil de operar. Para extraer m\u00e1s jugo, el motor de usos m\u00faltiples, con aire enfriador es modificado para funcionar a una temperatura constante de 6.300 RPM ( Revoluciones Por Minuto). Para evitar la oxidaci\u00f3n, es hecho de acero inoxidable AISI 304. Sistema de expulsi\u00f3n autom\u00e1tico de pulpa, un interruptor de turbo y una tapa patentada para evitar bloqueos de la pulpa. Para mejorar la seguridad, el motor s\u00f3lo funciona cuando se aplica la manija de bloqueo de seguridad.<\/div>\n<p>[\/vc_column_text][\/vc_column_inner][\/vc_row_inner][\/vc_tab][vc_tab title=&#8221;2002&#8243; tab_id=&#8221;1430858058202-4-3&#8243;][vc_row_inner][vc_column_inner width=&#8221;1\/4&#8243;][vc_gallery type=&#8221;flexslider_fade&#8221; interval=&#8221;0&#8243; images=&#8221;1035&#8243; onclick=&#8221;link_image&#8221; custom_links_target=&#8221;_self&#8221;][\/vc_column_inner][vc_column_inner width=&#8221;3\/4&#8243;][vc_column_text]<\/p>\n<div class=\"tab-data-content\" style=\"text-align: left;\">El modelo profesional 42. 6 de JUICE MASTER se pone en marcha. Las nuevas caracter\u00edsticas incluyen una boquilla grande de alimentaci\u00f3n, de 7,5 cm de di\u00e1metro, para exprimir la fruta entera o trozos de verduras. Una nueva patente es registrada por el conducto de alimentaci\u00f3n que sostiene la canasta sin necesidad de tornillos.<\/div>\n<p>[\/vc_column_text][\/vc_column_inner][\/vc_row_inner][\/vc_tab][vc_tab title=&#8221;2008&#8243; tab_id=&#8221;1430858059102-5-1&#8243;][vc_row_inner][vc_column_inner width=&#8221;1\/4&#8243;][vc_gallery type=&#8221;flexslider_fade&#8221; interval=&#8221;0&#8243; images=&#8221;1036&#8243; onclick=&#8221;link_image&#8221; custom_links_target=&#8221;_self&#8221;][\/vc_column_inner][vc_column_inner width=&#8221;3\/4&#8243;][vc_column_text]<\/p>\n<div class=\"tab-data-content\" style=\"text-align: left;\">El modelo PROFESIONAL 42.8 de JUICE MASTER es lanzado. Una tapa especial mantiene firmemente en su lugar el contenedor de pulpa y la mantiene firmemente y evita obstrucciones de la pulpa.<\/div>\n<p>[\/vc_column_text][\/vc_column_inner][\/vc_row_inner][\/vc_tab][\/vc_tabs][\/vc_column][\/vc_row][vc_row el_class=&#8221;section-content line-banner-section&#8221; fullwidth=&#8221;no&#8221;][vc_column width=&#8221;1\/1&#8243;][vc_column_text]<\/p>\n<p>\u00bfQuieres m\u00e1s informaci\u00f3n? <a href=\"http:\/\/www.juicemaster.ch\/es\/contacto\/\">ponerse en contacto con<\/a><\/p>\n<p>[\/vc_column_text][\/vc_column][\/vc_row]<\/p>\n<script language='javascript' type='text\/javascript'>function getWR360License(){return 'https:\/\/www.juicemaster.ch\/wp-content\/plugins\/webrotate-360-product-viewer\/license.lic';}function getWR360PopupSkin(){return 'pp_default';}function getWR360GraphicsPath(){return 'https:\/\/www.juicemaster.ch\/wp-content\/plugins\/webrotate-360-product-viewer\/imagerotator\/html\/img\/basic';}<\/script>","protected":false},"excerpt":{"rendered":"<p>[vc_row el_class=&#8221;section-content horizontal-tabs-section2&#8243; fullwidth=&#8221;yes&#8221;][vc_column width=&#8221;1\/1&#8243;][vc_tabs interval=&#8221;0&#8243; el_class=&#8221;horizontal-tabs&#8221;][vc_tab title=&#8221;1952 &#8211; 1957&#8243; tab_id=&#8221;1409388051-1-29&#8243;][vc_row_inner css=&#8221;.vc_custom_1430859876936{padding-bottom: 50px !important;}&#8221;][vc_column_inner width=&#8221;1\/4&#8243;][vc_gallery type=&#8221;flexslider_fade&#8221; interval=&#8221;0&#8243; images=&#8221;1016&#8243; onclick=&#8221;link_image&#8221; custom_links_target=&#8221;_self&#8221;][\/vc_column_inner][vc_column_inner width=&#8221;3\/4&#8243;][vc_column_text] Un equipo de ingenieros desarroll\u00f3 el primer extractor de jugos en este edificio en 1952. Ellos patentaron un exprimidor centr\u00edfugo con expulsi\u00f3n autom\u00e1tica de pulpa y lo lanzaron a mercados internacionales. Urs internacionales Pfluger [&hellip;]<\/p>\n","protected":false},"author":1,"featured_media":0,"parent":0,"menu_order":0,"comment_status":"open","ping_status":"open","template":"template-page_builder.php","meta":[],"_links":{"self":[{"href":"https:\/\/www.juicemaster.ch\/es\/wp-json\/wp\/v2\/pages\/1193"}],"collection":[{"href":"https:\/\/www.juicemaster.ch\/es\/wp-json\/wp\/v2\/pages"}],"about":[{"href":"https:\/\/www.juicemaster.ch\/es\/wp-json\/wp\/v2\/types\/page"}],"author":[{"embeddable":true,"href":"https:\/\/www.juicemaster.ch\/es\/wp-json\/wp\/v2\/users\/1"}],"replies":[{"embeddable":true,"href":"https:\/\/www.juicemaster.ch\/es\/wp-json\/wp\/v2\/comments?post=1193"}],"version-history":[{"count":13,"href":"https:\/\/www.juicemaster.ch\/es\/wp-json\/wp\/v2\/pages\/1193\/revisions"}],"predecessor-version":[{"id":1514,"href":"https:\/\/www.juicemaster.ch\/es\/wp-json\/wp\/v2\/pages\/1193\/revisions\/1514"}],"wp:attachment":[{"href":"https:\/\/www.juicemaster.ch\/es\/wp-json\/wp\/v2\/media?parent=1193"}],"curies":[{"name":"wp","href":"https:\/\/api.w.org\/{rel}","templated":true}]}}