{"id":1184,"date":"2015-05-18T15:55:14","date_gmt":"2015-05-18T13:55:14","guid":{"rendered":"http:\/\/juicemaster.startknopf.com\/?page_id=1184"},"modified":"2015-11-23T17:21:50","modified_gmt":"2015-11-23T16:21:50","slug":"productos","status":"publish","type":"page","link":"https:\/\/www.juicemaster.ch\/es\/productos\/","title":{"rendered":"Productos"},"content":{"rendered":"<p>[vc_row][vc_column width=&#8221;1\/1&#8243;]   <div class=\"title-section title2 white padding-top\">\r\n\t\t<div class=\"container triggerAnimation animated\" data-animate=\"bounceIn\">\r\n\t\t\t<h1>El exprimidor profesional<\/h1>\r\n\t\t\t\t\t\t<p>Un exprimidor profesional con una caja de acero inoxidable y un rendimiento que cumple con las m\u00e1s altas exigencias. La unidad cuenta con una tolva de alimentaci\u00f3n extra grande, un gran contenedor de pulpa, una canasta de pantalla s\u00f3lida robusta y hoja de acero inoxidable. Todos estos componentes forman el requisito b\u00e1sico para un uso profesional. El mundo conocido de usar, tecnolog\u00eda suiza 'hace que el dispositivo de un producto confiable a la vida.<\/p>\r\n\t\t\t\t\t<\/div>\r\n\t<\/div>\r\n \r\n\r\n[\/vc_column][\/vc_row][vc_row css=&#8221;.vc_custom_1431261538490{padding-top: 30px !important;padding-bottom: 30px !important;background-color: #dddddd !important;}&#8221; fullwidth=&#8221;no&#8221;][vc_column width=&#8221;1\/2&#8243;][vc_single_image border_color=&#8221;grey&#8221; img_link_target=&#8221;_self&#8221; image=&#8221;822&#8243; img_size=&#8221;full&#8221; style=&#8221;vc_box_shadow_border&#8221;][\/vc_column][vc_column width=&#8221;1\/2&#8243;][vc_column_text]<\/p>\n<h1>JUICEMASTER PROFESSIONAL Mod. 42.6<\/h1>\n<ul>\n<li>Velocidad controlada electr\u00f3nicamente de 6300 RPM<\/li>\n<li>50\/60 Hz, Pnom 240 vatios (Pmax 800 vatios)<\/li>\n<li>Fuerte, tapa de policarbonato seguro para el lavavajillas.<\/li>\n<li>Adecuado para un funcionamiento continuo las 24 horas<\/li>\n<li>Hasta 60 kg de jugo en capacidad por hora<\/li>\n<li>Contenedor de pulpa con 3,25 litros (0,85galones) de capacidad<\/li>\n<li>Tallas L x W x H: 19 x 31 x 38 cm\u00b3<\/li>\n<li>Peso: 4,2 kg<\/li>\n<li>Todos los exprimidores son CE, UL und CSA certificados y patentados<\/li>\n<\/ul>\n<p><a id='wr360yourviewname' href='https:\/\/www.juicemaster.ch\/wp-content\/plugins\/webrotate-360-product-viewer\/viewloader_basic.html?config=http%3A%2F%2Fwww.juicemaster.ch%2Fwp-content%2Fplugins%2Fwebrotate-360-product-viewer%2F360_assets%2Fjuicemaster42-6%2Fjuicemaster.xml&amp;root=&amp;height=450&amp;iframe=true&amp;width=620&amp;height=450&amp;viewerskin=basic' rel=prettyPhoto>Haga clic aqu\u00ed para visi\u00f3n de 360\u00b0<\/a>[\/vc_column_text][\/vc_column][\/vc_row][vc_row css=&#8221;.vc_custom_1431265407162{padding-top: 30px !important;padding-bottom: 30px !important;background-color: #eeeeee !important;}&#8221; fullwidth=&#8221;no&#8221;][vc_column width=&#8221;1\/2&#8243;][vc_single_image border_color=&#8221;grey&#8221; img_link_target=&#8221;_self&#8221; image=&#8221;825&#8243; img_size=&#8221;full&#8221; style=&#8221;vc_box_shadow_border&#8221;][\/vc_column][vc_column width=&#8221;1\/2&#8243;][vc_column_text]<\/p>\n<h1>JUICEMASTER PROFESSIONAL Mod. 42.8<\/h1>\n<ul>\n<li>Velocidad controlada electr\u00f3nicamente de 6300 RPM<\/li>\n<li>50\/60 Hz, Pnom 240 vatios (Pmax 800 vatios)<\/li>\n<li>Fuerte, tapa de policarbonato seguro para el lavavajillas.<\/li>\n<li>Adecuado para un funcionamiento continuo las 24 horas<\/li>\n<li>Hasta 60 kg de jugo en capacidad por hora<\/li>\n<li>Contenedor de pulpa con 3,25 litros (0,85galones) de capacidad<\/li>\n<li>Tallas L x W x H: 19 x 31 x 38 cm\u00b3<\/li>\n<li>Peso: 4,2 kg<\/li>\n<li>Todos los exprimidores son CE, UL und CSA certificados y patentados<\/li>\n<\/ul>\n<p><a id='wr360yourviewname' href='https:\/\/www.juicemaster.ch\/wp-content\/plugins\/webrotate-360-product-viewer\/viewloader_basic.html?config=http%3A%2F%2Fwww.juicemaster.ch%2Fwp-content%2Fplugins%2Fwebrotate-360-product-viewer%2F360_assets%2Fjuicemaster42-8%2Fjuicemaster.xml&amp;root=&amp;height=450&amp;iframe=true&amp;width=620&amp;height=450&amp;viewerskin=basic' rel=prettyPhoto>Haga clic aqu\u00ed para visi\u00f3n de 360\u00b0<\/a>[\/vc_column_text][\/vc_column][\/vc_row][vc_row fullwidth=&#8221;no&#8221; el_class=&#8221;section-content feature-section&#8221;][vc_column width=&#8221;1\/1&#8243;][vc_column_text]<\/p>\n<h1 style=\"text-align: center;\">Beneficos del producto<\/h1>\n<p>[\/vc_column_text][vc_row_inner css=&#8221;.vc_custom_1431267569803{padding-bottom: 30px !important;}&#8221;][vc_column_inner width=&#8221;1\/2&#8243; font_color=&#8221;#dd3333&#8243; el_class=&#8221;feature-box&#8221;]   \r\n\t<div class=\"feature-post\">\r\n\t\t<a href=\"#\"><i class=\"fa fa-play\"><\/i><\/a>\r\n\t\t<div class=\"feature-post-content\">\r\n\t\t\t<h2> <\/h2>\r\n\t\t\t<p><\/p>\n<p>Gran rampa de alimentaci\u00f3n, de 7,5 cm de di\u00e1metro para exprimir la fruta entera o trozos de verduras.<\/p>\n<p><\/p>\r\n\t\t<\/div>\r\n\t<\/div>\r\n\t\r\n   \r\n\t<div class=\"feature-post\">\r\n\t\t<a href=\"#\"><i class=\"fa fa-ticket\"><\/i><\/a>\r\n\t\t<div class=\"feature-post-content\">\r\n\t\t\t<h2> <\/h2>\r\n\t\t\t<p><\/p>\n<p>F\u00e1cil de usar y de limpiar: las bolsas desechables se pueden colocar en el contenedor de la pulpa.<\/p>\n<p><\/p>\r\n\t\t<\/div>\r\n\t<\/div>\r\n\t\r\n[vc_separator color=&#8221;custom&#8221; accent_color=&#8221;#dd3333&#8243; style=&#8221;dashed&#8221;][vc_single_image border_color=&#8221;grey&#8221; img_link_target=&#8221;_self&#8221; img_size=&#8221;450&#215;540&#8243; image=&#8221;899&#8243;][\/vc_column_inner][vc_column_inner width=&#8221;1\/2&#8243; el_class=&#8221;feature-box&#8221;]   \r\n\t<div class=\"feature-post\">\r\n\t\t<a href=\"#\"><i class=\"fa fa-ticket\"><\/i><\/a>\r\n\t\t<div class=\"feature-post-content\">\r\n\t\t\t<h2> <\/h2>\r\n\t\t\t<p><\/p>\n<p>La canasta de alta calidad con 6 crestas de refuerzo es magn\u00edficamente resistente. Los centros de manzanas, semillas de granadas, uvas, kiwis o pi\u00f1as no ser\u00e1n triturados pero desechados con la pulpa. Esto evita el sabor amargo del jugo. La canasta es muy eficiente, no mezcla colores o sabores y puede extraer el jugo de mango, albaricoques y nectarinas.<\/p>\n<p><\/p>\r\n\t\t<\/div>\r\n\t<\/div>\r\n\t\r\n   \r\n\t<div class=\"feature-post\">\r\n\t\t<a href=\"#\"><i class=\"fa fa-ticket\"><\/i><\/a>\r\n\t\t<div class=\"feature-post-content\">\r\n\t\t\t<h2> <\/h2>\r\n\t\t\t<p><\/p>\n<p>Al pulsar el interruptor de turbo, ninguna fruta o verdura se queda en la canasta.<\/p>\n<p><\/p>\r\n\t\t<\/div>\r\n\t<\/div>\r\n\t\r\n   \r\n\t<div class=\"feature-post\">\r\n\t\t<a href=\"#\"><i class=\"fa fa-ticket\"><\/i><\/a>\r\n\t\t<div class=\"feature-post-content\">\r\n\t\t\t<h2> <\/h2>\r\n\t\t\t<p><\/p>\n<p>El dise\u00f1o patentado de la tapa tiene un sistema de conducto de alimentaci\u00f3n para mantener fijada la canasta sin necesidad de tornillos necesarios. Esto ayuda a detener los bloqueos.<\/p>\n<p><\/p>\r\n\t\t<\/div>\r\n\t<\/div>\r\n\t\r\n   \r\n\t<div class=\"feature-post\">\r\n\t\t<a href=\"#\"><i class=\"fa fa-ticket\"><\/i><\/a>\r\n\t\t<div class=\"feature-post-content\">\r\n\t\t\t<h2> <\/h2>\r\n\t\t\t<p><\/p>\n<p>El cuerpo de acero inoxidable AISI304 no permite la oxidaci\u00f3n de jugos.<\/p>\n<p><\/p>\r\n\t\t<\/div>\r\n\t<\/div>\r\n\t\r\n   \r\n\t<div class=\"feature-post\">\r\n\t\t<a href=\"#\"><i class=\"fa fa-ticket\"><\/i><\/a>\r\n\t\t<div class=\"feature-post-content\">\r\n\t\t\t<h2> <\/h2>\r\n\t\t\t<p><\/p>\n<p>El motor de usos m\u00faltiples refrigerado por aire es de larga duraci\u00f3n tiene una capacidad hasta de 60 kg de zanahorias por hora. Las frutas y hortalizas se exprimen hasta la \u00faltima gota en el exprimidor centr\u00edfugo sin perder ninguna enzima y vitamina. El motor s\u00f3lo funcionar\u00e1 si la tapa est\u00e1 colocada y el cierre de seguridad opera.<\/p>\n<p><\/p>\r\n\t\t<\/div>\r\n\t<\/div>\r\n\t\r\n[\/vc_column_inner][\/vc_row_inner][\/vc_column][\/vc_row]<\/p>\n<script language='javascript' type='text\/javascript'>function getWR360License(){return 'https:\/\/www.juicemaster.ch\/wp-content\/plugins\/webrotate-360-product-viewer\/license.lic';}function getWR360PopupSkin(){return 'pp_default';}function getWR360GraphicsPath(){return 'https:\/\/www.juicemaster.ch\/wp-content\/plugins\/webrotate-360-product-viewer\/imagerotator\/html\/img\/basic';}<\/script>","protected":false},"excerpt":{"rendered":"<p>[vc_row][vc_column width=&#8221;1\/1&#8243;][\/vc_column][\/vc_row][vc_row css=&#8221;.vc_custom_1431261538490{padding-top: 30px !important;padding-bottom: 30px !important;background-color: #dddddd !important;}&#8221; fullwidth=&#8221;no&#8221;][vc_column width=&#8221;1\/2&#8243;][vc_single_image border_color=&#8221;grey&#8221; img_link_target=&#8221;_self&#8221; image=&#8221;822&#8243; img_size=&#8221;full&#8221; style=&#8221;vc_box_shadow_border&#8221;][\/vc_column][vc_column width=&#8221;1\/2&#8243;][vc_column_text] JUICEMASTER PROFESSIONAL Mod. 42.6 Velocidad controlada electr\u00f3nicamente de 6300 RPM 50\/60 Hz, Pnom 240 vatios (Pmax 800 vatios) Fuerte, tapa de policarbonato seguro para el lavavajillas. Adecuado para un funcionamiento continuo las 24 horas Hasta 60 kg de [&hellip;]<\/p>\n","protected":false},"author":1,"featured_media":0,"parent":0,"menu_order":0,"comment_status":"open","ping_status":"open","template":"template-page_builder.php","meta":[],"_links":{"self":[{"href":"https:\/\/www.juicemaster.ch\/es\/wp-json\/wp\/v2\/pages\/1184"}],"collection":[{"href":"https:\/\/www.juicemaster.ch\/es\/wp-json\/wp\/v2\/pages"}],"about":[{"href":"https:\/\/www.juicemaster.ch\/es\/wp-json\/wp\/v2\/types\/page"}],"author":[{"embeddable":true,"href":"https:\/\/www.juicemaster.ch\/es\/wp-json\/wp\/v2\/users\/1"}],"replies":[{"embeddable":true,"href":"https:\/\/www.juicemaster.ch\/es\/wp-json\/wp\/v2\/comments?post=1184"}],"version-history":[{"count":10,"href":"https:\/\/www.juicemaster.ch\/es\/wp-json\/wp\/v2\/pages\/1184\/revisions"}],"predecessor-version":[{"id":1533,"href":"https:\/\/www.juicemaster.ch\/es\/wp-json\/wp\/v2\/pages\/1184\/revisions\/1533"}],"wp:attachment":[{"href":"https:\/\/www.juicemaster.ch\/es\/wp-json\/wp\/v2\/media?parent=1184"}],"curies":[{"name":"wp","href":"https:\/\/api.w.org\/{rel}","templated":true}]}}