{"id":1076,"date":"2014-09-17T04:36:55","date_gmt":"2014-09-17T04:36:55","guid":{"rendered":"http:\/\/juicemaster.startknopf.com\/home-coporate-2\/"},"modified":"2015-11-16T08:32:31","modified_gmt":"2015-11-16T07:32:31","slug":"home-coporate","status":"publish","type":"page","link":"https:\/\/www.juicemaster.ch\/es\/","title":{"rendered":"Home"},"content":{"rendered":"<p>[vc_row el_class=&#8221;slider2&#8243; el_id=&#8221;slider&#8221; fullwidth=&#8221;yes&#8221;][vc_column width=&#8221;1\/1&#8243;][rev_slider_vc alias=&#8221;startseite&#8221;][\/vc_column][\/vc_row][vc_row fullwidth=&#8221;no&#8221; el_class=&#8221;section-content text-banner-section white-back&#8221;][vc_column width=&#8221;1\/1&#8243;][vc_column_text]<\/p>\n<div class=\"text-box triggerAnimation animated\" data-animate=\"bounceIn\">\n<h1>&#8220;Tecnolog\u00eda suiza&#8221; \u2013 hecha para durar toda la vida.<\/h1>\n<p>Despu\u00e9s de m\u00e1s de 60 a\u00f1os de experiencia con electrodom\u00e9sticos, Thielmann Rotel Internacional es sin\u00f3nimo de un est\u00e1ndar fiable de alta calidad en todo el mundo. En la fase de desarrollo, tomamos en cuenta los deseos de los clientes para mejorar la calidad de los exprimidores. Todos nuestros exprimidores autom\u00e1ticos est\u00e1n hechos de componentes suizos y europeos de la UE. Manejamos estrictos controles sobre los materiales y la calidad de nuestros socios en la producci\u00f3n que ofrecen.<br \/>\n<a href=\"http:\/\/www.juicemaster.ch\/es\/negocios\/\">m\u00e1s informaci\u00f3n<\/a> <a href=\"http:\/\/www.juicemaster.ch\/es\/contacto\/\">Contacto<\/a><\/p>\n<\/div>\n<p>[\/vc_column_text][\/vc_column][\/vc_row][vc_row fullwidth=&#8221;no&#8221; css=&#8221;.vc_custom_1431278599968{background-color: #eeeeee !important;background-position: center !important;background-repeat: no-repeat !important;background-size: cover !important;}&#8221;][vc_column width=&#8221;1\/1&#8243;][vc_row_inner css=&#8221;.vc_custom_1431940565972{padding-top: 30px !important;padding-bottom: 50px !important;}&#8221;][vc_column_inner width=&#8221;1\/2&#8243;][vc_single_image border_color=&#8221;grey&#8221; img_link_target=&#8221;_self&#8221; image=&#8221;825&#8243; img_size=&#8221;full&#8221; style=&#8221;vc_box_shadow_border&#8221;][vc_column_text]<\/p>\n<div class=\"text-box triggerAnimation animated\" data-animate=\"bounceIn\">\n<h1 style=\"text-align: center;\">JUICEMASTER PROFESSIONAL Mod. 42.8<\/h1>\n<\/div>\n<p>[\/vc_column_text][vc_button title=&#8221;Leer m\u00e1s&#8221; target=&#8221;_self&#8221; color=&#8221;wpb_button&#8221; icon=&#8221;none&#8221; size=&#8221;btn-large&#8221; href=&#8221;http:\/\/www.juicemaster.ch\/es\/productos\/&#8221;][\/vc_column_inner][vc_column_inner width=&#8221;1\/2&#8243;][vc_single_image border_color=&#8221;grey&#8221; img_link_target=&#8221;_self&#8221; image=&#8221;822&#8243; img_size=&#8221;full&#8221; style=&#8221;vc_box_shadow_border&#8221;][vc_column_text]<\/p>\n<div class=\"text-box triggerAnimation animated\" data-animate=\"bounceIn\">\n<h1 style=\"text-align: center;\">JUICEMASTER PROFESSIONAL Mod. 42.6<\/h1>\n<\/div>\n<p>[\/vc_column_text][vc_button title=&#8221;Leer m\u00e1s&#8221; target=&#8221;_self&#8221; color=&#8221;wpb_button&#8221; icon=&#8221;none&#8221; size=&#8221;btn-large&#8221; href=&#8221;http:\/\/www.juicemaster.ch\/es\/productos\/&#8221;][\/vc_column_inner][\/vc_row_inner][\/vc_column][\/vc_row][vc_row fullwidth=&#8221;no&#8221; css=&#8221;.vc_custom_1431279578646{padding-top: 30px !important;padding-bottom: 30px !important;background-color: #159607 !important;}&#8221; font_color=&#8221;#ffffff&#8221;][vc_column width=&#8221;1\/2&#8243; font_color=&#8221;#ffffff&#8221;][vc_column_text el_class=&#8221;startseiteinhalt&#8221;]<\/p>\n<div class=\"text-box triggerAnimation animated\" data-animate=\"bounceIn\">\n<h1 style=\"text-align: left;\">MiroSwiss &#8211; calidad suiza<\/h1>\n<p>All our juice-extractors are made of Swiss and European made components and are fully assembled in Europe. We are known and recognized worldwide for our reliable Swiss-quality standard of our product range which we manufacture under strict quality guidelines in state of the art production facilities.<\/p>\n<p>Today our range contains four models of &#8220;Miro-Swiss&#8221; automatic juice extractors which are highly appreciated by domestic and professional users.<\/p>\n<\/div>\n<p>[\/vc_column_text][vc_button title=&#8221;Leer m\u00e1s&#8221; target=&#8221;_self&#8221; color=&#8221;wpb_button&#8221; icon=&#8221;none&#8221; size=&#8221;btn-large&#8221; href=&#8221;http:\/\/juicemaster.startknopf.com\/miroswiss\/&#8221; el_class=&#8221;startseiteinhaltbutton&#8221;][\/vc_column][vc_column width=&#8221;1\/2&#8243;][vc_gallery type=&#8221;flexslider_fade&#8221; interval=&#8221;3&#8243; onclick=&#8221;link_no&#8221; custom_links_target=&#8221;_self&#8221; images=&#8221;836&#8243; img_size=&#8221;full&#8221;][\/vc_column][\/vc_row][vc_row css=&#8221;.vc_custom_1440688537657{padding-bottom: 20px !important;}&#8221; fullwidth=&#8221;no&#8221;][vc_column width=&#8221;1\/1&#8243;][vc_column_text el_class=&#8221;embed&#8221;]<\/p>\n<h1 style=\"text-align: center;\">Ver por ti mismo<\/h1>\n<p><center><div style=\"width: 640px;\" class=\"wp-video\"><!--[if lt IE 9]><script>document.createElement('video');<\/script><![endif]-->\n<video class=\"wp-video-shortcode\" id=\"video-1076-1\" width=\"640\" height=\"360\" preload=\"metadata\" controls=\"controls\"><source type=\"video\/mp4\" src=\"http:\/\/juicemaster.startknopf.com\/wp-content\/uploads\/2015\/07\/juice_master_ohne_sound.mp4?_=1\" \/><a href=\"http:\/\/juicemaster.startknopf.com\/wp-content\/uploads\/2015\/07\/juice_master_ohne_sound.mp4\">http:\/\/juicemaster.startknopf.com\/wp-content\/uploads\/2015\/07\/juice_master_ohne_sound.mp4<\/a><\/video><\/div>\n<p>&nbsp;<\/p>\n<p>&nbsp;<\/p>\n<p>&nbsp;<\/p>\n<p>&nbsp;<\/p>\n<p>&nbsp;<\/p>\n<p>&nbsp;<\/p>\n<p>&nbsp;<\/p>\n<p><\/center>[\/vc_column_text][\/vc_column][\/vc_row]<\/p>\n<script language='javascript' type='text\/javascript'>function getWR360License(){return 'https:\/\/www.juicemaster.ch\/wp-content\/plugins\/webrotate-360-product-viewer\/license.lic';}function getWR360PopupSkin(){return 'pp_default';}function getWR360GraphicsPath(){return 'https:\/\/www.juicemaster.ch\/wp-content\/plugins\/webrotate-360-product-viewer\/imagerotator\/html\/img\/basic';}<\/script>","protected":false},"excerpt":{"rendered":"<p>[vc_row el_class=&#8221;slider2&#8243; el_id=&#8221;slider&#8221; fullwidth=&#8221;yes&#8221;][vc_column width=&#8221;1\/1&#8243;][rev_slider_vc alias=&#8221;startseite&#8221;][\/vc_column][\/vc_row][vc_row fullwidth=&#8221;no&#8221; el_class=&#8221;section-content text-banner-section white-back&#8221;][vc_column width=&#8221;1\/1&#8243;][vc_column_text] &#8220;Tecnolog\u00eda suiza&#8221; \u2013 hecha para durar toda la vida. Despu\u00e9s de m\u00e1s de 60 a\u00f1os de experiencia con electrodom\u00e9sticos, Thielmann Rotel Internacional es sin\u00f3nimo de un est\u00e1ndar fiable de alta calidad en todo el mundo. En la fase de desarrollo, tomamos en cuenta los [&hellip;]<\/p>\n","protected":false},"author":1,"featured_media":0,"parent":0,"menu_order":0,"comment_status":"open","ping_status":"open","template":"template-home.php","meta":[],"_links":{"self":[{"href":"https:\/\/www.juicemaster.ch\/es\/wp-json\/wp\/v2\/pages\/1076"}],"collection":[{"href":"https:\/\/www.juicemaster.ch\/es\/wp-json\/wp\/v2\/pages"}],"about":[{"href":"https:\/\/www.juicemaster.ch\/es\/wp-json\/wp\/v2\/types\/page"}],"author":[{"embeddable":true,"href":"https:\/\/www.juicemaster.ch\/es\/wp-json\/wp\/v2\/users\/1"}],"replies":[{"embeddable":true,"href":"https:\/\/www.juicemaster.ch\/es\/wp-json\/wp\/v2\/comments?post=1076"}],"version-history":[{"count":9,"href":"https:\/\/www.juicemaster.ch\/es\/wp-json\/wp\/v2\/pages\/1076\/revisions"}],"predecessor-version":[{"id":1511,"href":"https:\/\/www.juicemaster.ch\/es\/wp-json\/wp\/v2\/pages\/1076\/revisions\/1511"}],"wp:attachment":[{"href":"https:\/\/www.juicemaster.ch\/es\/wp-json\/wp\/v2\/media?parent=1076"}],"curies":[{"name":"wp","href":"https:\/\/api.w.org\/{rel}","templated":true}]}}