{"id":1148,"date":"2015-05-18T13:31:06","date_gmt":"2015-05-18T11:31:06","guid":{"rendered":"http:\/\/juicemaster.startknopf.com\/?page_id=1148"},"modified":"2015-05-18T13:54:34","modified_gmt":"2015-05-18T11:54:34","slug":"products","status":"publish","type":"page","link":"https:\/\/www.juicemaster.ch\/en\/miroswiss\/products\/","title":{"rendered":"Products"},"content":{"rendered":"<p>[vc_row css=&#8221;.vc_custom_1431335250677{padding-top: 50px !important;}&#8221; fullwidth=&#8221;no&#8221;][vc_column width=&#8221;1\/1&#8243;]   <div class=\"title-section white\">\r\n\t\t<div class=\"container triggerAnimation animated\" data-animate=\"bounceIn\">\r\n\t\t\t<h1>Die professionelle Saftpresse<\/h1>\r\n\t\t\t\t\t\t<p>Eine professionelle Saftpresse mit einem Edelstahlgeh\u00e4use und einer Leistungsf\u00e4higkeit, die h\u00f6chsten Anspr\u00fcchen gerecht wird. Das Ger\u00e4t verf\u00fcgt \u00fcber einen extra grossen Einf\u00fclltrichter, einen grossen Tresterbeh\u00e4lter, einen robusten, soliden Siebkorb sowie Schneidemesser aus rostfreiem Stahl. All diese Komponenten bilden die Grundvoraussetzung f\u00fcr eine professionelle Verwendung. Der weltweit bekannte Einsatz an \u201aSchweizer Technologie\u2018 macht das Ger\u00e4t zu einem zuverl\u00e4ssigen Produkt auf Lebensdauer.<\/p>\r\n\t\t\t\t\t<\/div>\r\n\t<\/div>\r\n \r\n\r\n[\/vc_column][\/vc_row][vc_row css=&#8221;.vc_custom_1431335260373{padding-top: 30px !important;padding-bottom: 30px !important;background-color: #dedede !important;}&#8221; fullwidth=&#8221;no&#8221;][vc_column width=&#8221;1\/2&#8243;][vc_single_image border_color=&#8221;grey&#8221; img_link_target=&#8221;_self&#8221; image=&#8221;1033&#8243; img_size=&#8221;full&#8221; style=&#8221;vc_box_shadow_border&#8221;][\/vc_column][vc_column width=&#8221;1\/2&#8243;][vc_accordion][vc_accordion_tab title=&#8221;VITAMASTER Mod. 42.1&#8243;][vc_column_text]A domestic unit with a full ABS plastic body and a performance to meet high expectations. The unit has a very large pulp container to accommodate longterm juicing. It includes a very strong basket with stainless-steel cutting blades and a stainless-steel strainer mesh. This is a quality appliance built by using &#8220;swiss-technology&#8221; for a lifetime of dependable service. [\/vc_column_text][\/vc_accordion_tab][vc_accordion_tab title=&#8221;FEATURES&#8221;][vc_column_text]<\/p>\n<ul>\n<li>automatic pulp ejection system <\/li>\n<li>turbo switch (for cleaning the basket and balancing out possible vibrations) <\/li>\n<li>easy to use and clean (throw away plastic bag can be placed in pulp container) <\/li>\n<li>simple to assemble<\/li>\n<li>unique and highly reliable, air cooled universal motor for continuous juicing<\/li>\n<li>special designed cover and hood on pulp container prevent clogging <\/li>\n<li>strong basket <\/li>\n<li>6000 r.p.m. electronically governed speed control for maximum juice extraction<\/li>\n<li>270 Watt (110 V) 240 Watt (230 V) suitable for 50 and 60 Hz<\/li>\n<\/ul>\n<p>[\/vc_column_text][\/vc_accordion_tab][vc_accordion_tab title=&#8221;TECHNICAL DATAS&#8221;][vc_column_text]<\/p>\n<ul>\n<li>juicer housing and cover made from ABS plastic<\/li>\n<li>available in black or white colour<\/li>\n<li>pulp container with 0.85 gallon \/ 3 \u00bc liter capacity<\/li>\n<li>weight: 3.3 kg \/ 7.0 lbs<\/li>\n<li>dimensions LxDxH: 19 x 31 x 38 cm <\/li>\n<li>UL, CSA and CE approved for domestic and professional use<\/li>\n<\/ul>\n<p>[\/vc_column_text][\/vc_accordion_tab][\/vc_accordion][\/vc_column][\/vc_row][vc_row css=&#8221;.vc_custom_1431335834735{padding-top: 30px !important;padding-bottom: 30px !important;background-color: #ffffff !important;}&#8221; fullwidth=&#8221;no&#8221;][vc_column width=&#8221;1\/2&#8243;][vc_accordion][vc_accordion_tab title=&#8221;JUICEMASTER Mod. 42.2&#8243;][vc_column_text]A domestic unit with a full stainless-steel body and a performance to meet the highest expectations. The unit has a very large pulp container. It includes a very strong basket with stainless-steel cutting blades and a stainless-steel strainer mesh. This is a high quality appliance built by using &#8220;swiss-technology&#8221; for a lifetime of dependable service. [\/vc_column_text][\/vc_accordion_tab][vc_accordion_tab title=&#8221;FEATURES&#8221;][vc_column_text]<\/p>\n<ul>\n<li>automatic pulp ejection system <\/li>\n<li>turbo switch (for cleaning the basket and balancing out possible vibrations) <\/li>\n<li>easy to use and clean (throw away plastic bag can be placed in pulp container) <\/li>\n<li>simple to assemble<\/li>\n<li>unique and highly reliable, air cooled universal motor for continuous juicing<\/li>\n<li>special designed cover and hood on pulp container prevent clogging <\/li>\n<li>with safety handle lock<\/li>\n<li>strong basket <\/li>\n<li>6300 r.p.m. electronically governed speed control for maximum juice extraction<\/li>\n<li>220\/240 V, 50 \/ 60 Hz, 240 Watt (max. 420 Watt)<\/li>\n<li>110\/120 V, 50 \/ 60 Hz, 270 Watt (max. 420 Watt) <\/li>\n<\/ul>\n<p>[\/vc_column_text][\/vc_accordion_tab][vc_accordion_tab title=&#8221;TECHNICAL DATAS&#8221;][vc_column_text]<\/p>\n<ul>\n<li>juicer housing made from brushed AISI 304 stainless-steel<\/li>\n<li>cover made from ABS-plastic<\/li>\n<li>pulp container with 0.85 Gallon \/ 3 \u00bc liter capacity<\/li>\n<li>weight: 4.0 kg \/ 8.5 lbs<\/li>\n<li>dimensions LxDxH: 19 x 31 x 38 cm <\/li>\n<li>UL, CSA and CE approved for domestic and professional use<\/li>\n<\/ul>\n<p>[\/vc_column_text][\/vc_accordion_tab][\/vc_accordion][\/vc_column][vc_column width=&#8221;1\/2&#8243;][vc_single_image border_color=&#8221;grey&#8221; img_link_target=&#8221;_self&#8221; image=&#8221;1034&#8243; img_size=&#8221;full&#8221; style=&#8221;vc_box_shadow_border&#8221;][\/vc_column][\/vc_row][vc_row css=&#8221;.vc_custom_1431335775470{padding-top: 30px !important;padding-bottom: 30px !important;background: #ffffff url(http:\/\/juicemaster.startknopf.com\/wp-content\/uploads\/2014\/08\/noise.png?id=843) !important;}&#8221; fullwidth=&#8221;no&#8221;][vc_column width=&#8221;1\/2&#8243;][vc_single_image border_color=&#8221;grey&#8221; img_link_target=&#8221;_self&#8221; image=&#8221;1035&#8243; img_size=&#8221;full&#8221; style=&#8221;vc_box_shadow_border&#8221;][\/vc_column][vc_column width=&#8221;1\/2&#8243;][vc_accordion][vc_accordion_tab title=&#8221;JUICEMASTER PROFESSIONAL Mod. 42.6&#8243;][vc_column_text]A professional unit with a full stainless-steel body and a performance to meet the highest expectations. The unit has an extra large feeding tube and a large  pulp container to enable professional juicing. It includes a very strong basket with stainless-steel cutting blades and a stainless-steel strainer mesh. This is a high quality appliance built by using &#8220;swiss-technology&#8221; for a lifetime of dependable service. [\/vc_column_text][\/vc_accordion_tab][vc_accordion_tab title=&#8221;FEATURES&#8221;][vc_column_text]<\/p>\n<ul>\n<li>wide feeding tube for whole fruits and vegetables up to 7.5 cm \/ 3 inch diamter<\/li>\n<li>patented feeding tube system<\/li>\n<li>stainless-steel construction <\/li>\n<li>automatic pulp ejection system <\/li>\n<li>turbo switch (for cleaning the basket and balancing out possible vibrations) <\/li>\n<li>easy to use and clean (throw away plastic bag can be placed in pulp container) <\/li>\n<li>simple to assemble<\/li>\n<li>unique and highly reliable, air cooled universal motor for continuous juicing<\/li>\n<li>juicing capacity per hour for e.g. carrots up to 60 kg \/ 120 lbs<\/li>\n<li>special designed cover and hood on pulp container prevent clogging <\/li>\n<li>with safety handle lock <\/li>\n<li>strong basket with 6 ribs <\/li>\n<li>6300 r.p.m. electronically governed speed control for maximum juice extraction<\/li>\n<li>220\/240 V, 50 \/ 60 Hz, 240 Watt (max. 420 Watt)<\/li>\n<li>110\/120 V, 50 \/ 60 Hz, 270 Watt (max. 420 Watt) <\/li>\n<\/ul>\n<p>[\/vc_column_text][\/vc_accordion_tab][vc_accordion_tab title=&#8221;TECHNICAL DATAS&#8221;][vc_column_text]<\/p>\n<ul>\n<li>plastic cover made from polycarbonate <\/li>\n<li>pulp container with 0.85 Gallon \/ 3 \u00bc liter capacity<\/li>\n<li>weight: 4.2 kg \/ 8.9 lbs<\/li>\n<li>dimensions LxDxH: 19 x 31 x 38 cm <\/li>\n<li>UL, CSA and CE approved for domestic and professional use<\/li>\n<\/ul>\n<p>[\/vc_column_text][\/vc_accordion_tab][\/vc_accordion][\/vc_column][\/vc_row][vc_row css=&#8221;.vc_custom_1431335834735{padding-top: 30px !important;padding-bottom: 30px !important;background-color: #ffffff !important;}&#8221; fullwidth=&#8221;no&#8221;][vc_column width=&#8221;1\/2&#8243;][vc_accordion][vc_accordion_tab title=&#8221;JUICEMASTER PROFESSIONAL Mod. 42.8&#8243;][vc_column_text]A professional unit with a full stainless-steel body and a performance to meet the highest expectations. The unit has an extra large feeding tube and a large pulp container to enable professional juicing. It includes a very strong basket with stainless-steel cutting blades and a stainless-steel strainer mesh. This is a high quality appliance built by using &#8220;swiss-technology&#8221; for a lifetime of dependable service. [\/vc_column_text][\/vc_accordion_tab][vc_accordion_tab title=&#8221;FEATURES&#8221;][vc_column_text]<\/p>\n<ul>\n<li>wide feeding tube for whole fruits and vegetables up to 7.5 cm \/ 3 inch diamter<\/li>\n<li>patented feeding tube system<\/li>\n<li>stainless-steel construction <\/li>\n<li>automatic pulp ejection system <\/li>\n<li>turbo switch (for cleaning the basket and balancing out possible vibrations) <\/li>\n<li>easy to use and clean (throw away plastic bag can be placed in pulp container) <\/li>\n<li>simple to assemble<\/li>\n<li>unique and highly reliable, air cooled universal motor for continuous juicing<\/li>\n<li>juicing capacity per hour for e.g. carrots up to 60 kg \/ 120 lbs<\/li>\n<li>special designed cover and hood on pulp container prevent clogging <\/li>\n<li>with safety handle lock <\/li>\n<li>strong basket with 6 ribs <\/li>\n<li>6300 r.p.m. electronically governed speed control for maximum juice extraction<\/li>\n<li>max. 420 Watt (110 \/ 230 V) suitable for 50 and 60 Hz<\/li>\n<\/ul>\n<p>[\/vc_column_text][\/vc_accordion_tab][vc_accordion_tab title=&#8221;TECHNICAL DATAS&#8221;][vc_column_text]<\/p>\n<ul>\n<li>juicer housing made from brushed AISI 304 stainless-steel<\/li>\n<li>plastic cover made from polycarbonate <\/li>\n<li>pulp container with 0.85 Gallon \/ 3 \u00bc liter capacity<\/li>\n<li>weight: 4.2 kg \/ 8.9 lbs<\/li>\n<li>dimensions LxDxH: 19 x 31 x 38 cm <\/li>\n<li>UL, CSA and CE approved for professional use<\/li>\n<\/ul>\n<p>[\/vc_column_text][\/vc_accordion_tab][\/vc_accordion][\/vc_column][vc_column width=&#8221;1\/2&#8243;][vc_single_image border_color=&#8221;grey&#8221; img_link_target=&#8221;_self&#8221; image=&#8221;1035&#8243; img_size=&#8221;full&#8221; style=&#8221;vc_box_shadow_border&#8221;][\/vc_column][\/vc_row]<\/p>\n<script language='javascript' type='text\/javascript'>function getWR360License(){return 'https:\/\/www.juicemaster.ch\/wp-content\/plugins\/webrotate-360-product-viewer\/license.lic';}function getWR360PopupSkin(){return 'pp_default';}function getWR360GraphicsPath(){return 'https:\/\/www.juicemaster.ch\/wp-content\/plugins\/webrotate-360-product-viewer\/imagerotator\/html\/img\/basic';}<\/script>","protected":false},"excerpt":{"rendered":"<p>[vc_row css=&#8221;.vc_custom_1431335250677{padding-top: 50px !important;}&#8221; fullwidth=&#8221;no&#8221;][vc_column width=&#8221;1\/1&#8243;][\/vc_column][\/vc_row][vc_row css=&#8221;.vc_custom_1431335260373{padding-top: 30px !important;padding-bottom: 30px !important;background-color: #dedede !important;}&#8221; fullwidth=&#8221;no&#8221;][vc_column width=&#8221;1\/2&#8243;][vc_single_image border_color=&#8221;grey&#8221; img_link_target=&#8221;_self&#8221; image=&#8221;1033&#8243; img_size=&#8221;full&#8221; style=&#8221;vc_box_shadow_border&#8221;][\/vc_column][vc_column width=&#8221;1\/2&#8243;][vc_accordion][vc_accordion_tab title=&#8221;VITAMASTER Mod. 42.1&#8243;][vc_column_text]A domestic unit with a full ABS plastic body and a performance to meet high expectations. The unit has a very large pulp container to accommodate longterm juicing. It includes a very [&hellip;]<\/p>\n","protected":false},"author":1,"featured_media":0,"parent":1097,"menu_order":0,"comment_status":"open","ping_status":"open","template":"template-page_builder.php","meta":[],"_links":{"self":[{"href":"https:\/\/www.juicemaster.ch\/en\/wp-json\/wp\/v2\/pages\/1148"}],"collection":[{"href":"https:\/\/www.juicemaster.ch\/en\/wp-json\/wp\/v2\/pages"}],"about":[{"href":"https:\/\/www.juicemaster.ch\/en\/wp-json\/wp\/v2\/types\/page"}],"author":[{"embeddable":true,"href":"https:\/\/www.juicemaster.ch\/en\/wp-json\/wp\/v2\/users\/1"}],"replies":[{"embeddable":true,"href":"https:\/\/www.juicemaster.ch\/en\/wp-json\/wp\/v2\/comments?post=1148"}],"version-history":[{"count":4,"href":"https:\/\/www.juicemaster.ch\/en\/wp-json\/wp\/v2\/pages\/1148\/revisions"}],"predecessor-version":[{"id":1152,"href":"https:\/\/www.juicemaster.ch\/en\/wp-json\/wp\/v2\/pages\/1148\/revisions\/1152"}],"up":[{"embeddable":true,"href":"https:\/\/www.juicemaster.ch\/en\/wp-json\/wp\/v2\/pages\/1097"}],"wp:attachment":[{"href":"https:\/\/www.juicemaster.ch\/en\/wp-json\/wp\/v2\/media?parent=1148"}],"curies":[{"name":"wp","href":"https:\/\/api.w.org\/{rel}","templated":true}]}}